{"id":2549,"date":"2025-12-09T13:00:56","date_gmt":"2025-12-09T13:00:56","guid":{"rendered":"https:\/\/cafenotos.co.uk\/refunds_shipping\/"},"modified":"2025-12-10T09:33:20","modified_gmt":"2025-12-10T09:33:20","slug":"refunds_shipping","status":"publish","type":"page","link":"https:\/\/cafenotos.co.uk\/cy\/refunds_shipping\/","title":{"rendered":"Ad-daliadau a chludo"},"content":{"rendered":"\n<p><b>Dyma dudalen enghreifftiol.<\/b><\/p>\n\n<h2 class=\"wp-block-heading\">Trosolwg<\/h2>\n\n<p>Mae ein polisi ad-daliadau a dychwelyd yn para 30 diwrnod. Os yw 30 diwrnod wedi mynd heibio ers eich pryniant, ni allwn gynnig ad-daliad llawn na chyfnewid i chi. <\/p>\n\n<p>I fod yn gymwys i gael eich eitem yn \u00f4l, rhaid i&#8217;ch eitem fod heb ei defnyddio ac yn yr un cyflwr ag y gwnaethoch chi ei derbyn. Rhaid iddi hefyd fod yn y pecyn gwreiddiol. <\/p>\n\n<p>Mae sawl math o nwyddau wedi&#8217;u heithrio rhag cael eu dychwelyd. Ni ellir dychwelyd nwyddau darfodus fel bwyd, blodau, papurau newydd neu gylchgronau. Nid ydym chwaith yn derbyn cynhyrchion sy&#8217;n nwyddau personol neu hylendid, deunyddiau peryglus, na hylifau neu nwyon fflamadwy.  <\/p>\n\n<p>Eitemau ychwanegol na ellir eu dychwelyd:<\/p>\n\n<ul class=\"wp-block-list\">\n<li>Cardiau rhodd<\/li>\n<li>Cynhyrchion meddalwedd y gellir eu lawrlwytho<\/li>\n<li>Rhai eitemau iechyd a gofal personol<\/li>\n<\/ul>\n\n<p>I gwblhau eich ffurflen ddychwelyd, mae angen derbynneb neu brawf o brynu arnom.<\/p>\n\n<p>Peidiwch ag anfon eich pryniant yn \u00f4l at y gwneuthurwr.<\/p>\n\n<p>Mae rhai sefyllfaoedd lle dim ond ad-daliadau rhannol a roddir:<\/p>\n\n<ul class=\"wp-block-list\">\n<li>Llyfr gydag arwyddion amlwg o ddefnydd<\/li>\n<li>CD, DVD, t\u00e2p VHS, meddalwedd, g\u00eam fideo, t\u00e2p cas\u00e9t, neu record finyl sydd wedi&#8217;i agor.<\/li>\n<li>Unrhyw eitem nad yw yn ei chyflwr gwreiddiol, sydd wedi&#8217;i difrodi neu sydd ar goll rhannau am resymau nad ydynt oherwydd ein camgymeriad ni.<\/li>\n<li>Unrhyw eitem a ddychwelir fwy na 30 diwrnod ar \u00f4l ei danfon<\/li>\n<\/ul>\n\n<h2 class=\"wp-block-heading\">Ad-daliadau<\/h2>\n\n<p>Unwaith y byddwn yn derbyn ac yn archwilio eich eitem a ddychwelwyd, byddwn yn anfon e-bost atoch i&#8217;ch hysbysu ein bod wedi derbyn eich eitem a ddychwelwyd. Byddwn hefyd yn eich hysbysu a yw eich ad-daliad wedi&#8217;i gymeradwyo neu ei wrthod. <\/p>\n\n<p>Os cewch eich cymeradwyo, yna bydd eich ad-daliad yn cael ei brosesu, a bydd credyd yn cael ei roi&#8217;n awtomatig i&#8217;ch cerdyn credyd neu&#8217;ch dull talu gwreiddiol, o fewn nifer penodol o ddyddiau.<\/p>\n\n<h3 class=\"wp-block-heading\">Ad-daliadau hwyr neu ar goll<\/h3>\n\n<p>Os nad ydych wedi derbyn ad-daliad eto, gwiriwch eich cyfrif banc eto yn gyntaf.<\/p>\n\n<p>Yna cysylltwch \u00e2&#8217;ch cwmni cerdyn credyd, gall gymryd peth amser cyn i&#8217;ch ad-daliad gael ei bostio&#8217;n swyddogol.<\/p>\n\n<p>Nesaf, cysylltwch \u00e2&#8217;ch banc. Yn aml, mae peth amser prosesu cyn i ad-daliad gael ei bostio. <\/p>\n\n<p>Os ydych chi wedi gwneud hyn i gyd ac nad ydych chi wedi derbyn eich ad-daliad eto, cysylltwch \u00e2 ni yn {email address}.<\/p>\n\n<h3 class=\"wp-block-heading\">Eitemau ar werth<\/h3>\n\n<p>Dim ond eitemau pris rheolaidd y gellir eu had-dalu. Ni ellir ad-dalu eitemau sydd ar werth. <\/p>\n\n<h2 class=\"wp-block-heading\">Cyfnewidfeydd<\/h2>\n\n<p>Dim ond eitemau sydd wedi&#8217;u difrodi neu wedi&#8217;u diffinio y byddwn yn eu disodli. Os oes angen i chi ei gyfnewid am yr un eitem, anfonwch e-bost atom yn {email address} ac anfonwch eich eitem i: {physical address}. <\/p>\n\n<h2 class=\"wp-block-heading\">Anrhegion<\/h2>\n\n<p>Os oedd yr eitem wedi&#8217;i marcio fel anrheg pan gafodd ei phrynu a&#8217;i hanfon yn uniongyrchol atoch, byddwch yn derbyn credyd anrheg am werth eich dychweliad. Unwaith y bydd yr eitem a ddychwelwyd wedi&#8217;i derbyn, bydd tystysgrif anrheg yn cael ei hanfon atoch yn y post. <\/p>\n\n<p>Os nad oedd yr eitem wedi&#8217;i marcio fel anrheg pan gafodd ei phrynu, neu os bod rhoddwr yr anrheg wedi anfon yr archeb atynt eu hunain i&#8217;w rhoi i chi yn ddiweddarach, byddwn yn anfon ad-daliad at roddwr yr anrheg a byddant yn cael gwybod am eich dychweliad.<\/p>\n\n<h2 class=\"wp-block-heading\">Dychweliadau cludo<\/h2>\n\n<p>I ddychwelyd eich cynnyrch, dylech anfon eich cynnyrch drwy&#8217;r post i: {physical address}.<\/p>\n\n<p>Byddwch yn gyfrifol am dalu eich costau cludo eich hun ar gyfer dychwelyd eich eitem. Ni ellir ad-dalu costau cludo. Os cewch ad-daliad, bydd cost cludo yn \u00f4l yn cael ei didynnu o&#8217;ch ad-daliad.  <\/p>\n\n<p>Yn dibynnu ar ble rydych chi&#8217;n byw, gall yr amser y gall ei gymryd i&#8217;ch cynnyrch a gyfnewidiwyd gyrraedd chi amrywio.<\/p>\n\n<p>Os ydych chi&#8217;n dychwelyd eitemau drutach, efallai y byddwch chi&#8217;n ystyried defnyddio gwasanaeth cludo y gellir ei olrhain neu brynu yswiriant cludo. Nid ydym yn gwarantu y byddwn yn derbyn eich eitem a ddychwelwyd. <\/p>\n\n<h2 class=\"wp-block-heading\">Angen help?<\/h2>\n\n<p>Cysylltwch \u00e2 ni yn{email} ar gyfer cwestiynau sy&#8217;n ymwneud ag ad-daliadau a dychweliadau.<\/p>\n","protected":false},"excerpt":{"rendered":"Dyma dudalen enghreifftiol. Trosolwg Mae ein polisi ad-daliadau a dychwelyd yn para 30 diwrnod. Os yw 30 diwrnod wedi mynd heibio ers eich pryniant, ni allwn gynnig ad-daliad llawn na&#8230;","protected":false},"author":1,"featured_media":0,"parent":0,"menu_order":0,"comment_status":"closed","ping_status":"closed","template":"templates\/template-policy.php","meta":{"_acf_changed":false,"footnotes":""},"class_list":["post-2549","page","type-page","status-publish","hentry"],"acf":[],"yoast_head":"<!-- This site is optimized with the Yoast SEO plugin v27.5 - https:\/\/yoast.com\/product\/yoast-seo-wordpress\/ -->\n<title>Ad-daliadau a chludo | Notos<\/title>\n<meta name=\"description\" content=\"Darllenwch ein polisi cludo ac ad-daliadau i ddysgu sut rydym yn rheoli ein siop ar-lein ac yn trin eich archebion yn Notos Cafe yn Rhosneigr.\" \/>\n<meta name=\"robots\" content=\"index, follow, max-snippet:-1, max-image-preview:large, max-video-preview:-1\" \/>\n<link rel=\"canonical\" href=\"https:\/\/cafenotos.co.uk\/cy\/refunds_shipping\/\" \/>\n<meta property=\"og:locale\" content=\"cy_GB\" \/>\n<meta property=\"og:type\" content=\"article\" \/>\n<meta property=\"og:title\" content=\"Ad-daliadau a chludo | Notos\" \/>\n<meta property=\"og:description\" content=\"Darllenwch ein polisi cludo ac ad-daliadau i ddysgu sut rydym yn rheoli ein siop ar-lein ac yn trin eich archebion yn Notos Cafe yn Rhosneigr.\" \/>\n<meta property=\"og:url\" content=\"https:\/\/cafenotos.co.uk\/cy\/refunds_shipping\/\" \/>\n<meta property=\"og:site_name\" content=\"Notos\" \/>\n<meta property=\"article:modified_time\" content=\"2025-12-10T09:33:20+00:00\" \/>\n<meta name=\"twitter:card\" content=\"summary_large_image\" \/>\n<meta name=\"twitter:label1\" content=\"Est. reading time\" \/>\n\t<meta name=\"twitter:data1\" content=\"3 minutes\" \/>\n<script type=\"application\/ld+json\" class=\"yoast-schema-graph\">{\"@context\":\"https:\\\/\\\/schema.org\",\"@graph\":[{\"@type\":\"WebPage\",\"@id\":\"https:\\\/\\\/cafenotos.co.uk\\\/cy\\\/refunds_shipping\\\/\",\"url\":\"https:\\\/\\\/cafenotos.co.uk\\\/cy\\\/refunds_shipping\\\/\",\"name\":\"Ad-daliadau a chludo | Notos\",\"isPartOf\":{\"@id\":\"https:\\\/\\\/cafenotos.co.uk\\\/cy\\\/#website\"},\"datePublished\":\"2025-12-09T13:00:56+00:00\",\"dateModified\":\"2025-12-10T09:33:20+00:00\",\"description\":\"Darllenwch ein polisi cludo ac ad-daliadau i ddysgu sut rydym yn rheoli ein siop ar-lein ac yn trin eich archebion yn Notos Cafe yn Rhosneigr.\",\"breadcrumb\":{\"@id\":\"https:\\\/\\\/cafenotos.co.uk\\\/cy\\\/refunds_shipping\\\/#breadcrumb\"},\"inLanguage\":\"cy-GB\",\"potentialAction\":[{\"@type\":\"ReadAction\",\"target\":[\"https:\\\/\\\/cafenotos.co.uk\\\/cy\\\/refunds_shipping\\\/\"]}]},{\"@type\":\"BreadcrumbList\",\"@id\":\"https:\\\/\\\/cafenotos.co.uk\\\/cy\\\/refunds_shipping\\\/#breadcrumb\",\"itemListElement\":[{\"@type\":\"ListItem\",\"position\":1,\"name\":\"Home\",\"item\":\"https:\\\/\\\/cafenotos.co.uk\\\/cy\\\/hafan\\\/\"},{\"@type\":\"ListItem\",\"position\":2,\"name\":\"Ad-daliadau a chludo\"}]},{\"@type\":\"WebSite\",\"@id\":\"https:\\\/\\\/cafenotos.co.uk\\\/cy\\\/#website\",\"url\":\"https:\\\/\\\/cafenotos.co.uk\\\/cy\\\/\",\"name\":\"Notos\",\"description\":\"\",\"potentialAction\":[{\"@type\":\"SearchAction\",\"target\":{\"@type\":\"EntryPoint\",\"urlTemplate\":\"https:\\\/\\\/cafenotos.co.uk\\\/cy\\\/?s={search_term_string}\"},\"query-input\":{\"@type\":\"PropertyValueSpecification\",\"valueRequired\":true,\"valueName\":\"search_term_string\"}}],\"inLanguage\":\"cy-GB\"}]}<\/script>\n<!-- \/ Yoast SEO plugin. -->","yoast_head_json":{"title":"Ad-daliadau a chludo | Notos","description":"Darllenwch ein polisi cludo ac ad-daliadau i ddysgu sut rydym yn rheoli ein siop ar-lein ac yn trin eich archebion yn Notos Cafe yn Rhosneigr.","robots":{"index":"index","follow":"follow","max-snippet":"max-snippet:-1","max-image-preview":"max-image-preview:large","max-video-preview":"max-video-preview:-1"},"canonical":"https:\/\/cafenotos.co.uk\/cy\/refunds_shipping\/","og_locale":"cy_GB","og_type":"article","og_title":"Ad-daliadau a chludo | Notos","og_description":"Darllenwch ein polisi cludo ac ad-daliadau i ddysgu sut rydym yn rheoli ein siop ar-lein ac yn trin eich archebion yn Notos Cafe yn Rhosneigr.","og_url":"https:\/\/cafenotos.co.uk\/cy\/refunds_shipping\/","og_site_name":"Notos","article_modified_time":"2025-12-10T09:33:20+00:00","twitter_card":"summary_large_image","twitter_misc":{"Est. reading time":"3 minutes"},"schema":{"@context":"https:\/\/schema.org","@graph":[{"@type":"WebPage","@id":"https:\/\/cafenotos.co.uk\/cy\/refunds_shipping\/","url":"https:\/\/cafenotos.co.uk\/cy\/refunds_shipping\/","name":"Ad-daliadau a chludo | Notos","isPartOf":{"@id":"https:\/\/cafenotos.co.uk\/cy\/#website"},"datePublished":"2025-12-09T13:00:56+00:00","dateModified":"2025-12-10T09:33:20+00:00","description":"Darllenwch ein polisi cludo ac ad-daliadau i ddysgu sut rydym yn rheoli ein siop ar-lein ac yn trin eich archebion yn Notos Cafe yn Rhosneigr.","breadcrumb":{"@id":"https:\/\/cafenotos.co.uk\/cy\/refunds_shipping\/#breadcrumb"},"inLanguage":"cy-GB","potentialAction":[{"@type":"ReadAction","target":["https:\/\/cafenotos.co.uk\/cy\/refunds_shipping\/"]}]},{"@type":"BreadcrumbList","@id":"https:\/\/cafenotos.co.uk\/cy\/refunds_shipping\/#breadcrumb","itemListElement":[{"@type":"ListItem","position":1,"name":"Home","item":"https:\/\/cafenotos.co.uk\/cy\/hafan\/"},{"@type":"ListItem","position":2,"name":"Ad-daliadau a chludo"}]},{"@type":"WebSite","@id":"https:\/\/cafenotos.co.uk\/cy\/#website","url":"https:\/\/cafenotos.co.uk\/cy\/","name":"Notos","description":"","potentialAction":[{"@type":"SearchAction","target":{"@type":"EntryPoint","urlTemplate":"https:\/\/cafenotos.co.uk\/cy\/?s={search_term_string}"},"query-input":{"@type":"PropertyValueSpecification","valueRequired":true,"valueName":"search_term_string"}}],"inLanguage":"cy-GB"}]}},"_links":{"self":[{"href":"https:\/\/cafenotos.co.uk\/cy\/wp-json\/wp\/v2\/pages\/2549","targetHints":{"allow":["GET"]}}],"collection":[{"href":"https:\/\/cafenotos.co.uk\/cy\/wp-json\/wp\/v2\/pages"}],"about":[{"href":"https:\/\/cafenotos.co.uk\/cy\/wp-json\/wp\/v2\/types\/page"}],"author":[{"embeddable":true,"href":"https:\/\/cafenotos.co.uk\/cy\/wp-json\/wp\/v2\/users\/1"}],"replies":[{"embeddable":true,"href":"https:\/\/cafenotos.co.uk\/cy\/wp-json\/wp\/v2\/comments?post=2549"}],"version-history":[{"count":3,"href":"https:\/\/cafenotos.co.uk\/cy\/wp-json\/wp\/v2\/pages\/2549\/revisions"}],"predecessor-version":[{"id":2556,"href":"https:\/\/cafenotos.co.uk\/cy\/wp-json\/wp\/v2\/pages\/2549\/revisions\/2556"}],"wp:attachment":[{"href":"https:\/\/cafenotos.co.uk\/cy\/wp-json\/wp\/v2\/media?parent=2549"}],"curies":[{"name":"wp","href":"https:\/\/api.w.org\/{rel}","templated":true}]}}